{"id":9369,"date":"2026-01-09T13:10:35","date_gmt":"2026-01-09T13:10:35","guid":{"rendered":"https:\/\/intairmedical.fr\/politique-de-confidentialite\/"},"modified":"2026-04-07T11:54:30","modified_gmt":"2026-04-07T11:54:30","slug":"privacy-policy","status":"publish","type":"page","link":"https:\/\/intairmedical.fr\/en\/privacy-policy\/","title":{"rendered":"Privacy Policy"},"content":{"rendered":"\n<div class=\"text-content-block\" data-color-bg-from=\"#202c5405\" data-color-bg-to=\"#06091114\" data-content-position=\"full\">\n<p><\/p>\n\n\n\n<p>Dans le cadre de ses missions, de sa communication, de ses \u00e9v\u00e9nements et de sa politique de gestion de la relation clients, la soci\u00e9t\u00e9 INT\u2019AIR MEDICAL est susceptible de collecter et de traiter des donn\u00e9es \u00e0 caract\u00e8re personnel vous concernant.<\/p>\n\n\n\n<p><\/p>\n\n\n\n<p>Notre prise en charge des donn\u00e9es personnelles, collect\u00e9es dans le cadre des activit\u00e9s d\u00e9crites ci-dessus, respecte la r\u00e9glementation locale applicable en mati\u00e8re de protection des donn\u00e9es personnelles et notamment les dispositions de la loi \u00ab informatique et libert\u00e9s \u00bb du 6 janvier 1978 modifi\u00e9e et le R\u00e8glement G\u00e9n\u00e9ral sur la Protection des Donn\u00e9es (R\u00e8glement UE 2016\/679) ou \u00ab RGPD \u00bb.<\/p>\n\n\n\n<h2 class=\"wp-block-heading\">Nos engagements pour la protection de vos donn\u00e9es personnelles<\/h2>\n\n\n\n<p><\/p>\n\n\n\n<p>La CNIL d\u00e9finit une \u00ab donn\u00e9e personnelle \u00bb comme \u00e9tant \u00ab toute information se rapportant \u00e0 une personne physique identifi\u00e9e ou identifiable \u00bb.<\/p>\n\n\n\n<p><\/p>\n\n\n\n<p>La soci\u00e9t\u00e9 INT\u2019AIR MEDICAL est attentive au respect des r\u00e8gles de protection de la vie priv\u00e9e de ses clients, des prospects, des visiteurs de son site Internet. De ce fait, la soci\u00e9t\u00e9 INT\u2019AIR MEDICAL s\u2019engage \u00e0 respecter les principes suivants : <\/p>\n\n\n\n<p><\/p>\n\n\n\n<p>&#8211; <strong>Lic\u00e9it\u00e9, loyaut\u00e9, transparence<\/strong> : Vos donn\u00e9es personnelles sont trait\u00e9es de mani\u00e8re licite, loyale et transparente.<br>&#8211; <strong>Limitation des finalit\u00e9s<\/strong> : Vos donn\u00e9es personnelles sont collect\u00e9es pour des finalit\u00e9s d\u00e9termin\u00e9es, explicites et l\u00e9gitimes, et ne sont pas trait\u00e9es ult\u00e9rieurement d\u2019une mani\u00e8re incompatible avec ces finalit\u00e9s.<br>&#8211; <strong>Conservation des donn\u00e9es<\/strong> : Vos donn\u00e9es personnelles sont conserv\u00e9es de mani\u00e8re ad\u00e9quate, pertinente et sont limit\u00e9es \u00e0 ce qui est n\u00e9cessaire au regard des finalit\u00e9s pour lesquelles elles sont trait\u00e9es.<br>&#8211; <strong>Exactitude<\/strong> : Vos donn\u00e9es personnelles sont exactes et tenues \u00e0 jour. Des mesures sont prises pour que les donn\u00e9es inexactes, au regard des finalit\u00e9s pour lesquelles elles sont trait\u00e9es, soient effac\u00e9es ou rectifi\u00e9es au plus vite. <\/p>\n\n\n\n<h2 class=\"wp-block-heading\">Les donn\u00e9es collect\u00e9es par la soci\u00e9t\u00e9 INT\u2019AIR MEDICAL<\/h2>\n\n\n\n<p><\/p>\n\n\n\n<p>&#8211; Donn\u00e9es collect\u00e9es par notre formulaire de contact sur notre site internet accessible \u00e0 partir de l\u2019url : www.intairmedical.fr (exemple votre nom, votre adresse email\u2026)<br>&#8211; Donn\u00e9es collect\u00e9es automatiquement par les cookies et autres outils de session.(les navigateurs utilis\u00e9s) : par exemple votre adresse IP, les pages consult\u00e9es sur notre site etc\u2026<\/p>\n\n\n\n<p><\/p>\n\n\n\n<h2 class=\"wp-block-heading\">Utilisation de vos donn\u00e9es personnelles par la soci\u00e9t\u00e9 INT\u2019AIR MEDICAL<\/h2>\n\n\n\n<p><\/p>\n\n\n\n<p>Nous utilisons vos donn\u00e9es personnelles pour :<\/p>\n\n\n\n<p><\/p>\n\n\n\n<p>&#8211; Vous fournir les informations ou les services que vous nous avez demand\u00e9s (notamment par le formulaire de contact) et toutes les relations commerciales qui en d\u00e9coulent.<br>&#8211; Recueillir des informations nous permettant d\u2019am\u00e9liorer notre site, nos produits et nos services (notamment par le biais des cookies).<\/p>\n\n\n\n<p><\/p>\n\n\n\n<h2 class=\"wp-block-heading\">Destinataires de vos donn\u00e9es personnelles<\/h2>\n\n\n\n<p><\/p>\n\n\n\n<p>Seule la soci\u00e9t\u00e9 INT\u2019AIR MEDICAL est destinataire de vos informations personnelles. Elles ne sont jamais transmises \u00e0 un tiers, \u00e0 l\u2019exception des sous-traitants et partenaires auxquels la soci\u00e9t\u00e9 INT\u2019AIR MEDICAL pourrait \u00e9ventuellement faire appel. Dans ce cadre, la soci\u00e9t\u00e9 INT\u2019AIR MEDICAL s\u2019engage \u00e0 ce que ses sous-traitants et partenaires respectent le m\u00eame niveau de confidentialit\u00e9 et de s\u00e9curit\u00e9 de vos donn\u00e9es personnelles qu\u2019elle-m\u00eame.  <\/p>\n\n\n\n<p><\/p>\n\n\n\n<p>Ni la soci\u00e9t\u00e9 INT\u2019AIR MEDICAL, ni aucun de ses sous-traitants, ne proc\u00e8dent \u00e0 la commercialisation des donn\u00e9es personnelles \u00e0 sa disposition.<\/p>\n\n\n\n<p><\/p>\n\n\n\n<h2 class=\"wp-block-heading\">Dur\u00e9e de conservation de vos donn\u00e9es personnelles<\/h2>\n\n\n\n<p><\/p>\n\n\n\n<p>La soci\u00e9t\u00e9 INT\u2019AIR MEDICAL s\u2019engage \u00e0 conserver vos donn\u00e9es personnelles pour une dur\u00e9e n\u2019exc\u00e9dant pas celle n\u00e9cessaire aux finalit\u00e9s pour lesquelles elles sont trait\u00e9es ainsi qu\u2019aux dur\u00e9es de conservation impos\u00e9es par les lois applicables en vigueur.<\/p>\n\n\n\n<p><\/p>\n\n\n\n<h2 class=\"wp-block-heading\">Comment exercer vos droits ?<\/h2>\n\n\n\n<p><\/p>\n\n\n\n<p>Conform\u00e9ment \u00e0 la r\u00e9glementation applicable en mati\u00e8re de protection des donn\u00e9es personnelles, vous pouvez, \u00e0 tout moment, exercer vos droits d\u2019acc\u00e8s, de rectification, de modification, de suppression des donn\u00e9es vous concernant ainsi que vos droits de limitation et d\u2019opposition au traitement et \u00e0 la portabilit\u00e9 de vos donn\u00e9es personnelles.<\/p>\n\n\n\n<p><\/p>\n\n\n\n<p>Notamment sur sa lettre d\u2019information \u00e9lectronique, la soci\u00e9t\u00e9 INT\u2019AIR MEDICAL a mis en place un lien vous permettant de vous d\u00e9sabonner facilement.<\/p>\n\n\n\n<p><\/p>\n\n\n\n<p>Ces droits s\u2019exercent par courrier \u00e0 l\u2019adresse suivante :<br><strong>INT\u2019AIR MEDICAL<br><\/strong>868 Chemin de la Z.A. des M\u00e9trillots<br>01250 MONTAGNAT<\/p>\n\n\n\n<p><\/p>\n\n\n\n<p>Ou par voie \u00e9lectronique en envoyant un email \u00e0 : contact@intairmedical.fr<\/p>\n\n\n\n<p><\/p>\n\n\n\n<p>Dans ce cas, vous n\u2019avez pas de justificatifs \u00e0 fournir mais vous devrez accompagner votre demande des \u00e9l\u00e9ments n\u00e9cessaires \u00e0 votre identification (nom, pr\u00e9nom, e-mail) ainsi que toute autre information n\u00e9cessaire \u00e0 la confirmation de votre identit\u00e9.<\/p>\n\n\n\n<p><\/p>\n\n\n\n<p>Pour vous aider dans votre d\u00e9marche, notamment si vous d\u00e9sirez exercer vos droits par le biais d\u2019une demande \u00e9crite adress\u00e9e \u00e0 l\u2019adresse postale indiqu\u00e9e ci-dessus, vous trouverez en cliquant sur les liens suivants des mod\u00e8les de courrier \u00e9labor\u00e9s par la CNIL.<\/p>\n\n\n\n<p><\/p>\n\n\n\n<h2 class=\"wp-block-heading\">Droit d\u2019opposition :<\/h2>\n\n\n\n<p><\/p>\n\n\n\n<p>INT\u2019AIR MEDICAL vous informe qu\u2019il sera en droit, le cas \u00e9ch\u00e9ant, de s\u2019opposer aux demandes manifestement abusives (de par leur nombre, leur caract\u00e8re r\u00e9p\u00e9titif ou syst\u00e9matique).<\/p>\n\n\n\n<p><\/p>\n\n\n\n<p><a href=\"https:\/\/www.cnil.fr\/fr\/modele\/courrier\/exercer-son-droit-dacces\" target=\"_blank\" rel=\"noreferrer noopener\">https:\/\/www.cnil.fr\/fr\/modele\/courrier\/exercer-son-droit-dacces<\/a><\/p>\n\n\n\n<p><\/p>\n\n\n\n<p>L\u2019exercice de ce droit n\u2019est possible que dans l\u2019une des deux situations suivantes :<\/p>\n\n\n\n<p><\/p>\n\n\n\n<p>&#8211; Lorsque l\u2019exercice de ce droit est fond\u00e9 sur des motifs l\u00e9gitimes ; ou<br>&#8211; Lorsque l\u2019exercice de ce droit vise \u00e0 faire obstacle \u00e0 ce que les donn\u00e9es recueillies soient utilis\u00e9es \u00e0 des fins de prospection commerciale.<\/p>\n\n\n\n<p><br><a href=\"https:\/\/www.cnil.fr\/fr\/modele\/courrier\/supprimer-des-informations-vous-concernant-dun-site-internet\" target=\"_blank\" rel=\"noreferrer noopener\">https:\/\/www.cnil.fr\/fr\/modele\/courrier\/supprimer-des-informations-vous-concernant-dun-site-internet<\/a><\/p>\n\n\n\n<p><\/p>\n\n\n\n<h2 class=\"wp-block-heading\">Droit de rectification des donn\u00e9es :<\/h2>\n\n\n\n<p><\/p>\n\n\n\n<p>Au titre de ce droit, la l\u00e9gislation vous habilite \u00e0 demander la rectification, la mise \u00e0 jour, le verrouillage ou encore l\u2019effacement des donn\u00e9es vous concernant qui peuvent s\u2019av\u00e9rer le cas \u00e9ch\u00e9ant inexactes, erron\u00e9es, incompl\u00e8tes ou obsol\u00e8tes.<\/p>\n\n\n\n<p><\/p>\n\n\n\n<p><a href=\"https:\/\/www.cnil.fr\/fr\/modele\/courrier\/rectifier-des-donnees-inexactes-obsoletes-ou-perimees\" target=\"_blank\" rel=\"noreferrer noopener\">https:\/\/www.cnil.fr\/fr\/modele\/courrier\/rectifier-des-donnees-inexactes-obsoletes-ou-perimees<\/a><\/p>\n\n\n\n<p><\/p>\n\n\n\n<p>Vous disposez \u00e9galement d\u2019un droit de recours aupr\u00e8s de la Commission Nationale de l\u2019Informatique et des Libert\u00e9s en cas de violation de la r\u00e9glementation applicable en mati\u00e8re de protection des Donn\u00e9es Personnelles et notamment du RGPD.<\/p>\n\n\n\n<p><\/p>\n\n\n\n<h2 class=\"wp-block-heading\">D\u00e9lai de r\u00e9ponse :<\/h2>\n\n\n\n<p><\/p>\n\n\n\n<p>INT\u2019AIR MEDICAL s\u2019engage \u00e0 r\u00e9pondre \u00e0 votre demande d\u2019acc\u00e8s, de rectification ou d\u2019opposition ou toute autre demande compl\u00e9mentaire d\u2019informations dans un d\u00e9lai raisonnable qui ne saurait d\u00e9passer 1 mois \u00e0 compter de la r\u00e9ception de votre demande.<\/p>\n\n\n\n<p><\/p>\n\n\n\n<h2 class=\"wp-block-heading\">Politique relative aux cookies<\/h2>\n\n\n\n<p><\/p>\n\n\n\n<p>Afin d\u2019am\u00e9liorer constamment la qualit\u00e9 des services propos\u00e9s en ligne et leur ad\u00e9quation avec vos attentes, la soci\u00e9t\u00e9 INT\u2019AIR MEDICAL est susceptible d\u2019utiliser des \u00ab cookies \u00bb, fichiers texte servant \u00e0 identifier votre terminal lorsque vous vous connectez \u00e0 l\u2019un de nos services.<\/p>\n\n\n\n<p><\/p>\n\n\n\n<p>Le d\u00e9p\u00f4t de cookie ou traceur dans votre terminal (ordinateur, tablette, smartphone, etc.) permet \u00e0 la soci\u00e9t\u00e9 INT\u2019AIR MEDICAL de collecter des informations et des donn\u00e9es personnelles. Selon votre choix de param\u00e9trage de votre terminal, les cookies permettent notamment : <\/p>\n\n\n\n<p><\/p>\n\n\n\n<p>&#8211; d\u2019utiliser les principales fonctionnalit\u00e9s de notre site Internet<br>&#8211; d\u2019optimiser notre site Internet et de d\u00e9tecter les \u00e9ventuels probl\u00e8mes techniques<br>&#8211; d\u2019\u00e9tablir des statistiques \u00e0 des fins de gestion du trafic et d\u2019utilisation des divers \u00e9l\u00e9ments composant notre site Internet (rubriques visit\u00e9es, parcours r\u00e9alis\u00e9 par l\u2019internaute) permettant<br>&#8211; d\u2019am\u00e9liorer l\u2019ergonomie du site et l\u2019int\u00e9r\u00eat des services offerts<br>&#8211; d\u2019\u00e9valuer l\u2019efficacit\u00e9 de nos campagnes d\u2019information en comptabilisant et \u00e9valuant le nombre de clics<\/p>\n\n\n\n<p><br>Veiller \u00e0 la s\u00e9curit\u00e9 et \u00e0 la confidentialit\u00e9 des donn\u00e9es personnelles que vous nous confiez est une priorit\u00e9 pour la soci\u00e9t\u00e9 INT\u2019AIR MEDICAL. Nous mettons ainsi en \u0153uvre toutes les mesures techniques et organisationnelles utiles, au regard de la nature, de la port\u00e9e et du contexte des donn\u00e9es personnelles que vous nous communiquez et des risques pr\u00e9sent\u00e9s par leur traitement, pour pr\u00e9server la s\u00e9curit\u00e9 de vos donn\u00e9es personnelles et, notamment, emp\u00eacher toute destruction, perte, alt\u00e9ration, divulgation, intrusion ou acc\u00e8s non autoris\u00e9 \u00e0 ces donn\u00e9es, de mani\u00e8re accidentelle ou illicite. <\/p>\n\n\n\n<p><\/p>\n\n\n\n<p>\u00c0 tout instant, il vous est laiss\u00e9 la possibilit\u00e9 de r\u00e9gler vos param\u00e9trages relatifs aux cookies. Vous pouvez accepter ou refuser le d\u00e9p\u00f4t de cookies \u00e0 tout moment. <\/p>\n\n\n\n<p><\/p>\n\n\n\n<p>Lors de votre premi\u00e8re connexion sur le site web de la soci\u00e9t\u00e9 INT\u2019AIR MEDICAL, une banni\u00e8re pr\u00e9sentant bri\u00e8vement des informations relatives au d\u00e9p\u00f4t de cookies et de technologies similaires appara\u00eet en bas de votre \u00e9cran. Cette banni\u00e8re vous avertit qu\u2019en poursuivant votre navigation sur le site web de la soci\u00e9t\u00e9 INT\u2019AIR MEDICAL (en chargeant une nouvelle page ou en cliquant sur divers \u00e9l\u00e9ments du site par exemple), vous acceptez le d\u00e9p\u00f4t de cookies sur votre terminal. Vous \u00eates \u00e9galement r\u00e9put\u00e9 avoir donn\u00e9 votre accord au d\u00e9p\u00f4t de cookies en cliquant sur le bouton \u00ab Refuser \u00bb ou en personnalisant vos cookies \u00e0 droite de la banni\u00e8re figurant en bas de votre \u00e9cran.  <\/p>\n\n\n\n<p><\/p>\n\n\n\n<p>Selon le type de cookie en cause, le recueil de votre consentement au d\u00e9p\u00f4t et \u00e0 la lecture de cookies sur votre terminal peut \u00eatre imp\u00e9ratif.<\/p>\n\n\n\n<p><\/p>\n\n\n\n<h2 class=\"wp-block-heading\">Les cookies exempt\u00e9s de consentement<\/h2>\n\n\n\n<p><\/p>\n\n\n\n<p>Conform\u00e9ment aux recommandations de la Commission Nationale de l\u2019Informatique et des Libert\u00e9s (CNIL), certains cookies sont dispens\u00e9s du recueil pr\u00e9alable de votre consentement dans la mesure o\u00f9 ils sont strictement n\u00e9cessaires au fonctionnement du site internet ou ont pour finalit\u00e9 exclusive de permettre ou faciliter la communication par voie \u00e9lectronique. Il s\u2019agit notamment des cookies d\u2019identifiant de session, d\u2019authentification, de session d\u2019\u00e9quilibrage de charge ainsi que des cookies de personnalisation de votre interface. Ces cookies sont int\u00e9gralement soumis \u00e0 la pr\u00e9sente politique dans la mesure o\u00f9 ils sont \u00e9mis et g\u00e9r\u00e9s par la soci\u00e9t\u00e9 INT\u2019AIR MEDICAL.  <\/p>\n\n\n\n<p><\/p>\n\n\n\n<h2 class=\"wp-block-heading\">Les cookies n\u00e9cessitant le recueil pr\u00e9alable de votre consentement<\/h2>\n\n\n\n<p><\/p>\n\n\n\n<p>Cette exigence concerne les cookies \u00e9mis par des tiers et qui sont qualifi\u00e9s de \u00abpersistants \u00bb dans la mesure o\u00f9 ils demeurent dans votre terminal jusqu\u2019\u00e0 leur effacement ou leur date d\u2019expiration.<br>De tels cookies \u00e9tant \u00e9mis par des tiers, leur utilisation et leur d\u00e9p\u00f4t sont soumis \u00e0 leurs propres politiques de confidentialit\u00e9. Cette famille de cookie regroupe les cookies de mesure d\u2019audience, les cookies publicitaires (auxquels la soci\u00e9t\u00e9 INT\u2019AIR MEDICAL n\u2019a pas recours) ainsi que les cookies de partage de r\u00e9seaux sociaux (notamment de Facebook, YouTube, Twitter et LinkedIn). <\/p>\n\n\n\n<p><\/p>\n\n\n\n<h2 class=\"wp-block-heading\">Les cookies de mesure d\u2019audience<\/h2>\n\n\n\n<p><\/p>\n\n\n\n<p>Les cookies de mesure d\u2019audience \u00e9tablissent des statistiques concernant la fr\u00e9quentation et l\u2019utilisation de divers \u00e9l\u00e9ments du site web (comme les contenus\/pages que vous avez visit\u00e9). Ces donn\u00e9es participent \u00e0 l\u2019am\u00e9lioration de l\u2019ergonomie du site de la soci\u00e9t\u00e9 INT\u2019AIR MEDICAL. L\u2019outil de mesure d\u2019audience utilis\u00e9 par la soci\u00e9t\u00e9 INT\u2019AIR MEDICAL est Google Analytics.  <\/p>\n\n\n\n<p>Google Analytics dont la politique de confidentialit\u00e9 est disponible \u00e0 partir du lien suivant : <a href=\"https:\/\/policies.google.com\/privacy?hl=fr\" target=\"_blank\" rel=\"noreferrer noopener\">https:\/\/policies.google.com\/privacy?hl=fr<\/a><\/p>\n\n\n\n<p><\/p>\n\n\n\n<h2 class=\"wp-block-heading\">Vous disposez de divers outils de param\u00e9trage des cookies<\/h2>\n\n\n\n<p><\/p>\n\n\n\n<p>La plupart des navigateurs Internet sont configur\u00e9s par d\u00e9faut de fa\u00e7on \u00e0 ce que le d\u00e9p\u00f4t de cookies soit autoris\u00e9. Votre navigateur vous offre l\u2019opportunit\u00e9 de modifier ces param\u00e8tres standards de mani\u00e8re \u00e0 ce que l\u2019ensemble des cookies soit rejet\u00e9 syst\u00e9matiquement ou bien \u00e0 ce qu\u2019une partie seulement des cookies soit accept\u00e9e ou refus\u00e9e en fonction de leur \u00e9metteur. <\/p>\n\n\n\n<p><\/p>\n\n\n\n<p>ATTENTION : Nous attirons votre attention sur le fait que le refus du d\u00e9p\u00f4t de cookies sur votre terminal est n\u00e9anmoins susceptible d\u2019alt\u00e9rer votre exp\u00e9rience d\u2019utilisateur ainsi que votre acc\u00e8s \u00e0 certains services ou fonctionnalit\u00e9s du pr\u00e9sent site web. Le cas \u00e9ch\u00e9ant, la soci\u00e9t\u00e9 INT\u2019AIR MEDICAL d\u00e9cline toute responsabilit\u00e9 concernant les cons\u00e9quences li\u00e9es \u00e0 la d\u00e9gradation de vos conditions de navigation qui interviennent en raison de votre choix de refuser, supprimer ou bloquer les cookies n\u00e9cessaires au fonctionnement du site. Ces cons\u00e9quences ne sauraient constituer un dommage et vous ne pourrez pr\u00e9tendre \u00e0 aucune indemnit\u00e9 de ce fait.  <\/p>\n\n\n\n<p><\/p>\n\n\n\n<p>Votre navigateur vous permet \u00e9galement de supprimer les cookies existants sur votre terminal ou encore de vous informer lorsque de nouveaux cookies sont susceptibles d\u2019\u00eatre d\u00e9pos\u00e9s sur votre terminal. Ces param\u00e9trages n\u2019ont pas d\u2019incidence sur votre navigation. <\/p>\n\n\n\n<p><\/p>\n\n\n\n<p>Veuillez ci-dessous prendre connaissance des multiples outils mis \u00e0 votre disposition afin que vous puissiez param\u00e9trer les cookies d\u00e9pos\u00e9s sur votre terminal.<\/p>\n\n\n\n<p><\/p>\n\n\n\n<h2 class=\"wp-block-heading\">Le param\u00e9trage de votre navigateur internet<\/h2>\n\n\n\n<p><\/p>\n\n\n\n<p>Chaque navigateur Internet propose ses propres param\u00e8tres de gestion des cookies. Pour savoir de quelle mani\u00e8re modifier vos pr\u00e9f\u00e9rences en mati\u00e8re de cookies, vous trouverez ci-dessous les liens vers l\u2019aide n\u00e9cessaire pour acc\u00e9der au menu de votre navigateur pr\u00e9vu \u00e0 cet effet : <\/p>\n\n\n\n<p><\/p>\n\n\n\n<p>&#8211; Chrome : <a href=\"https:\/\/support.google.com\/accounts\/answer\/61416?co=GENIE.Platform%3DDesktop&amp;hl=fr\" target=\"_blank\" rel=\"noreferrer noopener\">https:\/\/support.google.com\/accounts\/answer\/61416?co=GENIE.Platform%3DDesktop&amp;hl=fr<\/a><br>&#8211; Firefox : <a href=\"https:\/\/support.mozilla.org\/fr\/kb\/activer-desactiver-cookies\" target=\"_blank\" rel=\"noreferrer noopener\">https:\/\/support.mozilla.org\/fr\/kb\/activer-desactiver-cookies<\/a><br>Internet Explorer : https:\/\/support.microsoft.com\/fr-fr\/help\/17442\/windows-internet-explorer-delete-manage-cookies#ie=ie-11<br>&#8211; Opera : <a href=\"https:\/\/help.opera.com\/en\/latest\/web-preferences\/#cookies\" target=\"_blank\" rel=\"noreferrer noopener\">https:\/\/help.opera.com\/en\/latest\/web-preferences\/#cookies<\/a><br>&#8211; Safari : <a href=\"https:\/\/support.apple.com\/fr-fr\/guide\/safari\/sfri11471\/mac\" target=\"_blank\" rel=\"noreferrer noopener\">https:\/\/support.apple.com\/fr-fr\/guide\/safari\/sfri11471\/mac<\/a><br>&#8211; Pour de plus amples informations concernant les outils de ma\u00eetrise des cookies, vous pouvez consulter le site internet de la CNIL :<br><a href=\"https:\/\/www.cnil.fr\/fr\/cookies-les-outils-pour-les-maitriser\" target=\"_blank\" rel=\"noreferrer noopener\">https:\/\/www.cnil.fr\/fr\/cookies-les-outils-pour-les-maitriser<\/a><\/p>\n\n\n\n<p><\/p>\n\n\n\n<h2 class=\"wp-block-heading\">Contact<\/h2>\n\n\n\n<p><\/p>\n\n\n\n<p>Pour toute question compl\u00e9mentaire relative \u00e0 cette politique ou \u00e0 la mani\u00e8re dont la soci\u00e9t\u00e9 INT\u2019AIR MEDICAL traite vos donn\u00e9es personnelles, nous vous invitons \u00e0 contacter notre d\u00e9l\u00e9gu\u00e9 \u00e0 la protection des donn\u00e9es \u00e0 l\u2019adresse suivante : contact@intairmedical.fr<\/p>\n\n\n\n<p><\/p>\n\n\n\n<h2 class=\"wp-block-heading\">Modifications<\/h2>\n\n\n\n<p><\/p>\n\n\n\n<p>La soci\u00e9t\u00e9 INT\u2019AIR MEDICAL se r\u00e9serve le droit d\u2019adapter sa politique de protection des donn\u00e9es personnelles.<\/p>\n<\/div>\n","protected":false},"excerpt":{"rendered":"","protected":false},"author":2,"featured_media":0,"parent":0,"menu_order":0,"comment_status":"closed","ping_status":"closed","template":"","meta":{"_acf_changed":false,"footnotes":""},"class_list":["post-9369","page","type-page","status-publish","hentry"],"acf":[],"_links":{"self":[{"href":"https:\/\/intairmedical.fr\/en\/wp-json\/wp\/v2\/pages\/9369","targetHints":{"allow":["GET"]}}],"collection":[{"href":"https:\/\/intairmedical.fr\/en\/wp-json\/wp\/v2\/pages"}],"about":[{"href":"https:\/\/intairmedical.fr\/en\/wp-json\/wp\/v2\/types\/page"}],"author":[{"embeddable":true,"href":"https:\/\/intairmedical.fr\/en\/wp-json\/wp\/v2\/users\/2"}],"replies":[{"embeddable":true,"href":"https:\/\/intairmedical.fr\/en\/wp-json\/wp\/v2\/comments?post=9369"}],"version-history":[{"count":3,"href":"https:\/\/intairmedical.fr\/en\/wp-json\/wp\/v2\/pages\/9369\/revisions"}],"predecessor-version":[{"id":13105,"href":"https:\/\/intairmedical.fr\/en\/wp-json\/wp\/v2\/pages\/9369\/revisions\/13105"}],"wp:attachment":[{"href":"https:\/\/intairmedical.fr\/en\/wp-json\/wp\/v2\/media?parent=9369"}],"curies":[{"name":"wp","href":"https:\/\/api.w.org\/{rel}","templated":true}]}}